{"id":188,"date":"2020-08-15T09:02:40","date_gmt":"2020-08-15T08:02:40","guid":{"rendered":"https:\/\/test.wheeler-property.com\/?page_id=188"},"modified":"2026-04-06T15:58:39","modified_gmt":"2026-04-06T13:58:39","slug":"a-propos-de-wheeler-immobilier-france","status":"publish","type":"page","link":"https:\/\/dev.wheeler-property.com\/fr\/about-wheeler-property-france\/","title":{"rendered":"\u00c0 propos de Wheeler Property France"},"content":{"rendered":"<div data-elementor-type=\"wp-page\" data-elementor-id=\"188\" class=\"elementor elementor-188\" data-elementor-post-type=\"page\">\n\t\t\t\t<div class=\"elementor-element elementor-element-673be68 e-con-full e-flex e-con e-parent\" data-id=\"673be68\" data-element_type=\"container\" data-e-type=\"container\" data-settings=\"{&quot;background_background&quot;:&quot;classic&quot;}\">\n\t\t<div class=\"elementor-element elementor-element-29e432d e-con-full e-flex e-con e-child\" data-id=\"29e432d\" data-element_type=\"container\" data-e-type=\"container\" data-settings=\"{&quot;background_background&quot;:&quot;classic&quot;}\">\n\t\t\t\t<div class=\"elementor-element elementor-element-f8302b4 elementor-invisible elementor-widget elementor-widget-heading\" data-id=\"f8302b4\" data-element_type=\"widget\" data-e-type=\"widget\" data-settings=\"{&quot;_animation&quot;:&quot;fadeIn&quot;}\" data-widget_type=\"heading.default\">\n\t\t\t\t<div class=\"elementor-widget-container\">\n\t\t\t\t\t<h1 class=\"elementor-heading-title elementor-size-default\">A propos de Wheeler<\/h1>\t\t\t\t<\/div>\n\t\t\t\t<\/div>\n\t\t\t\t<\/div>\n\t\t\t\t<\/div>\n\t\t<div class=\"elementor-element elementor-element-3b5cb28 e-flex e-con-boxed e-con e-parent\" data-id=\"3b5cb28\" data-element_type=\"container\" data-e-type=\"container\" data-settings=\"{&quot;background_background&quot;:&quot;classic&quot;}\">\n\t\t\t\t\t<div class=\"e-con-inner\">\n\t\t<div class=\"elementor-element elementor-element-c29e107 e-con-full e-flex e-con e-child\" data-id=\"c29e107\" data-element_type=\"container\" data-e-type=\"container\">\n\t\t\t\t<div class=\"elementor-element elementor-element-532b845 elementor-invisible elementor-widget elementor-widget-heading\" data-id=\"532b845\" data-element_type=\"widget\" data-e-type=\"widget\" data-settings=\"{&quot;_animation&quot;:&quot;fadeInUp&quot;}\" data-widget_type=\"heading.default\">\n\t\t\t\t<div class=\"elementor-widget-container\">\n\t\t\t\t\t<h2 class=\"elementor-heading-title elementor-size-default\">Notre histoire<\/h2>\t\t\t\t<\/div>\n\t\t\t\t<\/div>\n\t\t\t\t<div class=\"elementor-element elementor-element-d626742 wmc-wrap-balance elementor-invisible elementor-widget elementor-widget-heading\" data-id=\"d626742\" data-element_type=\"widget\" data-e-type=\"widget\" data-settings=\"{&quot;_animation&quot;:&quot;fadeInUp&quot;}\" data-widget_type=\"heading.default\">\n\t\t\t\t<div class=\"elementor-widget-container\">\n\t\t\t\t\t<div class=\"elementor-heading-title elementor-size-default\">Robert et Carol Ann ont apport\u00e9 leur passion pour la construction de maisons \u00e0 leur entreprise<\/div>\t\t\t\t<\/div>\n\t\t\t\t<\/div>\n\t\t\t\t<div class=\"elementor-element elementor-element-4a37bce elementor-widget-divider--view-line elementor-widget elementor-widget-divider\" data-id=\"4a37bce\" data-element_type=\"widget\" data-e-type=\"widget\" data-widget_type=\"divider.default\">\n\t\t\t\t<div class=\"elementor-widget-container\">\n\t\t\t\t\t\t\t<div class=\"elementor-divider\">\n\t\t\t<span class=\"elementor-divider-separator\">\n\t\t\t\t\t\t<\/span>\n\t\t<\/div>\n\t\t\t\t\t\t<\/div>\n\t\t\t\t<\/div>\n\t\t<div class=\"elementor-element elementor-element-668382f e-con-full e-flex e-con e-child\" data-id=\"668382f\" data-element_type=\"container\" data-e-type=\"container\" data-settings=\"{&quot;background_background&quot;:&quot;classic&quot;}\">\n\t\t<div class=\"elementor-element elementor-element-72e0cd2 e-con-full e-flex e-con e-child\" data-id=\"72e0cd2\" data-element_type=\"container\" data-e-type=\"container\" data-settings=\"{&quot;background_background&quot;:&quot;classic&quot;}\">\n\t\t\t\t<div class=\"elementor-element elementor-element-1cb48f3 elementor-widget elementor-widget-text-editor\" data-id=\"1cb48f3\" data-element_type=\"widget\" data-e-type=\"widget\" data-widget_type=\"text-editor.default\">\n\t\t\t\t<div class=\"elementor-widget-container\">\n\t\t\t\t\t\t\t\t\t<p>Nous avons quitt\u00e9 le Royaume Uni pour nous installer avec nos filles dans le Lot et Garonne en 2013.  Depuis lors, nous avons fix\u00e9 des liens avec la communaut\u00e9 locale, ce qui nous donne un point de vue unique pour vous conseiller sur les d\u00e9marches \u00e0 suivre pour s\u2019installer dans la r\u00e9gion (style de vie, les \u00e9coles, les activit\u00e9s).  Nous comprenons les r\u00e9alit\u00e9s et les incertitudes li\u00e9es \u00e0 l\u2019achat et \u00e0 la vente d\u2019un bien et nous avons une grande exp\u00e9rience de la promotion immobili\u00e8re, l\u2019am\u00e9nagement int\u00e9rieur et du marketing.\u00a0<\/p><p>Ayant achet\u00e9, r\u00e9nov\u00e9 et vendu plusieurs propri\u00e9t\u00e9s en France, notre exp\u00e9rience est riche de beaucoup de recherches, de lectures et d\u2019\u00e9tudes pour savoir ce sur quoi nous nous sommes mis d\u2019accord \u00e0 chaque \u00e9tape, des documents n\u00e9cessaires et pour connaitre les disponibilit\u00e9s locales.  Nous souhaitons apporter un service offrant une exp\u00e9rience des plus positive \u00e0 nos clients en termes de confort afin d\u2019expliquer chaque \u00e9tape du processus et de partager les connaissances que nous avons acquises.<\/p><p>Nous consid\u00e9rons que nos clients, acheteurs et vendeurs prenant de grandes d\u00e9cisions, ont besoin d\u2019un niveau de service \u00e9lev\u00e9, de conseils transparents et de clart\u00e9 de la part de leurs agents immobiliers.<\/p>\t\t\t\t\t\t\t\t<\/div>\n\t\t\t\t<\/div>\n\t\t\t\t<\/div>\n\t\t<div class=\"elementor-element elementor-element-5fa41f4 e-con-full e-flex e-con e-child\" data-id=\"5fa41f4\" data-element_type=\"container\" data-e-type=\"container\">\n\t\t\t\t<div class=\"elementor-element elementor-element-a3bf4db elementor-widget elementor-widget-image\" data-id=\"a3bf4db\" data-element_type=\"widget\" data-e-type=\"widget\" data-widget_type=\"image.default\">\n\t\t\t\t<div class=\"elementor-widget-container\">\n\t\t\t\t\t\t\t\t\t\t\t\t<figure class=\"wp-caption\">\n\t\t\t\t\t\t\t\t\t\t\t<a href=\"https:\/\/dev.wheeler-property.com\/wp-content\/uploads\/2020\/09\/CarolAnnWheeler.jpg\" data-elementor-open-lightbox=\"yes\" data-e-action-hash=\"#elementor-action%3Aaction%3Dlightbox%26settings%3DeyJpZCI6NDEyMywidXJsIjoiaHR0cHM6XC9cL2Rldi53aGVlbGVyLXByb3BlcnR5LmNvbVwvd3AtY29udGVudFwvdXBsb2Fkc1wvMjAyMFwvMDlcL0Nhcm9sQW5uV2hlZWxlci5qcGcifQ%3D%3D\">\n\t\t\t\t\t\t\t<img fetchpriority=\"high\" decoding=\"async\" width=\"2560\" height=\"1707\" src=\"https:\/\/dev.wheeler-property.com\/wp-content\/uploads\/2020\/09\/CarolAnnWheeler.jpg\" class=\"attachment-full size-full wp-image-4123\" alt=\"\" srcset=\"https:\/\/dev.wheeler-property.com\/wp-content\/uploads\/2020\/09\/CarolAnnWheeler.jpg 2560w, https:\/\/dev.wheeler-property.com\/wp-content\/uploads\/2020\/09\/CarolAnnWheeler-768x512.jpg 768w, https:\/\/dev.wheeler-property.com\/wp-content\/uploads\/2020\/09\/CarolAnnWheeler-1536x1024.jpg 1536w\" sizes=\"(max-width: 2560px) 100vw, 2560px\" \/>\t\t\t\t\t\t\t\t<\/a>\n\t\t\t\t\t\t\t\t\t\t\t<figcaption class=\"widget-image-caption wp-caption-text\">Carol Ann<\/figcaption>\n\t\t\t\t\t\t\t\t\t\t<\/figure>\n\t\t\t\t\t\t\t\t\t<\/div>\n\t\t\t\t<\/div>\n\t\t\t\t<div class=\"elementor-element elementor-element-9a3bac4 elementor-widget elementor-widget-image\" data-id=\"9a3bac4\" data-element_type=\"widget\" data-e-type=\"widget\" data-widget_type=\"image.default\">\n\t\t\t\t<div class=\"elementor-widget-container\">\n\t\t\t\t\t\t\t\t\t\t\t\t<figure class=\"wp-caption\">\n\t\t\t\t\t\t\t\t\t\t\t<a href=\"https:\/\/dev.wheeler-property.com\/wp-content\/uploads\/2020\/09\/RobertWheeler.jpg\" data-elementor-open-lightbox=\"yes\" data-e-action-hash=\"#elementor-action%3Aaction%3Dlightbox%26settings%3DeyJpZCI6NDEyNiwidXJsIjoiaHR0cHM6XC9cL2Rldi53aGVlbGVyLXByb3BlcnR5LmNvbVwvd3AtY29udGVudFwvdXBsb2Fkc1wvMjAyMFwvMDlcL1JvYmVydFdoZWVsZXIuanBnIn0%3D\">\n\t\t\t\t\t\t\t<img decoding=\"async\" width=\"2560\" height=\"1707\" src=\"https:\/\/dev.wheeler-property.com\/wp-content\/uploads\/2020\/09\/RobertWheeler.jpg\" class=\"attachment-full size-full wp-image-4126\" alt=\"\" srcset=\"https:\/\/dev.wheeler-property.com\/wp-content\/uploads\/2020\/09\/RobertWheeler.jpg 2560w, https:\/\/dev.wheeler-property.com\/wp-content\/uploads\/2020\/09\/RobertWheeler-768x512.jpg 768w, https:\/\/dev.wheeler-property.com\/wp-content\/uploads\/2020\/09\/RobertWheeler-1536x1024.jpg 1536w\" sizes=\"(max-width: 2560px) 100vw, 2560px\" \/>\t\t\t\t\t\t\t\t<\/a>\n\t\t\t\t\t\t\t\t\t\t\t<figcaption class=\"widget-image-caption wp-caption-text\">Robert<\/figcaption>\n\t\t\t\t\t\t\t\t\t\t<\/figure>\n\t\t\t\t\t\t\t\t\t<\/div>\n\t\t\t\t<\/div>\n\t\t\t\t<\/div>\n\t\t\t\t<\/div>\n\t\t\t\t<\/div>\n\t\t\t\t\t<\/div>\n\t\t\t\t<\/div>\n\t\t<div class=\"elementor-element elementor-element-66f635f e-flex e-con-boxed e-con e-parent\" data-id=\"66f635f\" data-element_type=\"container\" data-e-type=\"container\" data-settings=\"{&quot;background_background&quot;:&quot;classic&quot;}\">\n\t\t\t\t\t<div class=\"e-con-inner\">\n\t\t<div class=\"elementor-element elementor-element-8a79e52 e-con-full e-flex e-con e-child\" data-id=\"8a79e52\" data-element_type=\"container\" data-e-type=\"container\">\n\t\t\t\t<div class=\"elementor-element elementor-element-39f58bd elementor-widget elementor-widget-heading\" data-id=\"39f58bd\" data-element_type=\"widget\" data-e-type=\"widget\" data-widget_type=\"heading.default\">\n\t\t\t\t<div class=\"elementor-widget-container\">\n\t\t\t\t\t<h2 class=\"elementor-heading-title elementor-size-default\">Rencontrer l'\u00e9quipe<\/h2>\t\t\t\t<\/div>\n\t\t\t\t<\/div>\n\t\t\t\t<div class=\"elementor-element elementor-element-46fae03 wmc-wrap-balance elementor-widget elementor-widget-heading\" data-id=\"46fae03\" data-element_type=\"widget\" data-e-type=\"widget\" data-widget_type=\"heading.default\">\n\t\t\t\t<div class=\"elementor-widget-container\">\n\t\t\t\t\t<div class=\"elementor-heading-title elementor-size-default\">Nous nous r\u00e9jouissons de vous rencontrer<\/div>\t\t\t\t<\/div>\n\t\t\t\t<\/div>\n\t\t\t\t<div class=\"elementor-element elementor-element-1e2c5ab elementor-widget-divider--view-line elementor-widget elementor-widget-divider\" data-id=\"1e2c5ab\" data-element_type=\"widget\" data-e-type=\"widget\" data-widget_type=\"divider.default\">\n\t\t\t\t<div class=\"elementor-widget-container\">\n\t\t\t\t\t\t\t<div class=\"elementor-divider\">\n\t\t\t<span class=\"elementor-divider-separator\">\n\t\t\t\t\t\t<\/span>\n\t\t<\/div>\n\t\t\t\t\t\t<\/div>\n\t\t\t\t<\/div>\n\t\t<div class=\"elementor-element elementor-element-4eb5b61 e-con-full e-flex e-con e-child\" data-id=\"4eb5b61\" data-element_type=\"container\" data-e-type=\"container\">\n\t\t<div class=\"elementor-element elementor-element-61fc070 e-con-full e-flex e-con e-child\" data-id=\"61fc070\" data-element_type=\"container\" data-e-type=\"container\">\n\t\t\t\t<div class=\"elementor-element elementor-element-0d38514 elementor-widget elementor-widget-image\" data-id=\"0d38514\" data-element_type=\"widget\" data-e-type=\"widget\" data-widget_type=\"image.default\">\n\t\t\t\t<div class=\"elementor-widget-container\">\n\t\t\t\t\t\t\t\t\t\t\t\t<figure class=\"wp-caption\">\n\t\t\t\t\t\t\t\t\t\t\t<a href=\"https:\/\/dev.wheeler-property.com\/wp-content\/uploads\/2025\/06\/Gilles-Head.jpg\" data-elementor-open-lightbox=\"yes\" data-e-action-hash=\"#elementor-action%3Aaction%3Dlightbox%26settings%3DeyJpZCI6MjgzMTEsInVybCI6Imh0dHBzOlwvXC9kZXYud2hlZWxlci1wcm9wZXJ0eS5jb21cL3dwLWNvbnRlbnRcL3VwbG9hZHNcLzIwMjVcLzA2XC9HaWxsZXMtSGVhZC5qcGcifQ%3D%3D\">\n\t\t\t\t\t\t\t<img decoding=\"async\" width=\"2560\" height=\"1707\" src=\"https:\/\/dev.wheeler-property.com\/wp-content\/uploads\/2025\/06\/Gilles-Head.jpg\" class=\"attachment-full size-full wp-image-28311\" alt=\"\" srcset=\"https:\/\/dev.wheeler-property.com\/wp-content\/uploads\/2025\/06\/Gilles-Head.jpg 2560w, https:\/\/dev.wheeler-property.com\/wp-content\/uploads\/2025\/06\/Gilles-Head-768x512.jpg 768w, https:\/\/dev.wheeler-property.com\/wp-content\/uploads\/2025\/06\/Gilles-Head-1536x1024.jpg 1536w\" sizes=\"(max-width: 2560px) 100vw, 2560px\" \/>\t\t\t\t\t\t\t\t<\/a>\n\t\t\t\t\t\t\t\t\t\t\t<figcaption class=\"widget-image-caption wp-caption-text\"><strong>Gilles Thacker<\/strong><br \/>Il est aussi rassurant qu'un vicaire de campagne... mais n'essayez pas de le suivre sur la route !  Son obsession pour la vitesse se refl\u00e8te dans sa rapidit\u00e9 \u00e0 trouver des acheteurs pour la maison de leurs r\u00eaves.<\/figcaption>\n\t\t\t\t\t\t\t\t\t\t<\/figure>\n\t\t\t\t\t\t\t\t\t<\/div>\n\t\t\t\t<\/div>\n\t\t\t\t<\/div>\n\t\t<div class=\"elementor-element elementor-element-285fb3f e-con-full e-flex e-con e-child\" data-id=\"285fb3f\" data-element_type=\"container\" data-e-type=\"container\">\n\t\t\t\t<div class=\"elementor-element elementor-element-a885af4 elementor-widget elementor-widget-image\" data-id=\"a885af4\" data-element_type=\"widget\" data-e-type=\"widget\" data-widget_type=\"image.default\">\n\t\t\t\t<div class=\"elementor-widget-container\">\n\t\t\t\t\t\t\t\t\t\t\t\t<figure class=\"wp-caption\">\n\t\t\t\t\t\t\t\t\t\t\t<a href=\"https:\/\/dev.wheeler-property.com\/wp-content\/uploads\/2024\/01\/Nigel-Headshot.jpg\" data-elementor-open-lightbox=\"yes\" data-e-action-hash=\"#elementor-action%3Aaction%3Dlightbox%26settings%3DeyJpZCI6MTc5NjcsInVybCI6Imh0dHBzOlwvXC9kZXYud2hlZWxlci1wcm9wZXJ0eS5jb21cL3dwLWNvbnRlbnRcL3VwbG9hZHNcLzIwMjRcLzAxXC9OaWdlbC1IZWFkc2hvdC5qcGcifQ%3D%3D\">\n\t\t\t\t\t\t\t<img loading=\"lazy\" decoding=\"async\" width=\"2560\" height=\"1706\" src=\"https:\/\/dev.wheeler-property.com\/wp-content\/uploads\/2024\/01\/Nigel-Headshot.jpg\" class=\"attachment-full size-full wp-image-17967\" alt=\"\" srcset=\"https:\/\/dev.wheeler-property.com\/wp-content\/uploads\/2024\/01\/Nigel-Headshot.jpg 2560w, https:\/\/dev.wheeler-property.com\/wp-content\/uploads\/2024\/01\/Nigel-Headshot-768x512.jpg 768w, https:\/\/dev.wheeler-property.com\/wp-content\/uploads\/2024\/01\/Nigel-Headshot-1536x1024.jpg 1536w\" sizes=\"(max-width: 2560px) 100vw, 2560px\" \/>\t\t\t\t\t\t\t\t<\/a>\n\t\t\t\t\t\t\t\t\t\t\t<figcaption class=\"widget-image-caption wp-caption-text\"><strong>Nigel Hale-Hunter<\/strong><br \/>Nigel conna\u00eet la r\u00e9gion comme sa poche, ayant \u00e9t\u00e9 cycliste de comp\u00e9tition pendant de nombreuses ann\u00e9es.  Ses comp\u00e9tences en mati\u00e8re de suivi des clients sont in\u00e9gal\u00e9es - il apprend \u00e0 conna\u00eetre nos acheteurs pour les aider \u00e0 trouver la maison de leurs r\u00eaves, avec son fid\u00e8le assistant Bear (qui, selon nous, est secr\u00e8tement le cerveau de l'op\u00e9ration !) Nous esp\u00e9rons que la popularit\u00e9 de Nigel aupr\u00e8s de ses clients d\u00e9teindra bient\u00f4t sur sa vie amoureuse... restez \u00e0 l'\u00e9coute !<\/figcaption>\n\t\t\t\t\t\t\t\t\t\t<\/figure>\n\t\t\t\t\t\t\t\t\t<\/div>\n\t\t\t\t<\/div>\n\t\t\t\t<\/div>\n\t\t\t\t<\/div>\n\t\t<div class=\"elementor-element elementor-element-0455826 e-con-full e-flex e-con e-child\" data-id=\"0455826\" data-element_type=\"container\" data-e-type=\"container\">\n\t\t<div class=\"elementor-element elementor-element-98ac67a e-con-full e-flex e-con e-child\" data-id=\"98ac67a\" data-element_type=\"container\" data-e-type=\"container\">\n\t\t\t\t<div class=\"elementor-element elementor-element-e981f1e elementor-widget elementor-widget-image\" data-id=\"e981f1e\" data-element_type=\"widget\" data-e-type=\"widget\" data-widget_type=\"image.default\">\n\t\t\t\t<div class=\"elementor-widget-container\">\n\t\t\t\t\t\t\t\t\t\t\t\t<figure class=\"wp-caption\">\n\t\t\t\t\t\t\t\t\t\t\t<a href=\"https:\/\/dev.wheeler-property.com\/wp-content\/uploads\/2020\/09\/team-member-paul-sims.jpg\" data-elementor-open-lightbox=\"yes\" data-e-action-hash=\"#elementor-action%3Aaction%3Dlightbox%26settings%3DeyJpZCI6NDIyOSwidXJsIjoiaHR0cHM6XC9cL2Rldi53aGVlbGVyLXByb3BlcnR5LmNvbVwvd3AtY29udGVudFwvdXBsb2Fkc1wvMjAyMFwvMDlcL3RlYW0tbWVtYmVyLXBhdWwtc2ltcy5qcGcifQ%3D%3D\">\n\t\t\t\t\t\t\t<img loading=\"lazy\" decoding=\"async\" width=\"2560\" height=\"1707\" src=\"https:\/\/dev.wheeler-property.com\/wp-content\/uploads\/2020\/09\/team-member-paul-sims.jpg\" class=\"attachment-full size-full wp-image-4229\" alt=\"\" srcset=\"https:\/\/dev.wheeler-property.com\/wp-content\/uploads\/2020\/09\/team-member-paul-sims.jpg 2560w, https:\/\/dev.wheeler-property.com\/wp-content\/uploads\/2020\/09\/team-member-paul-sims-768x512.jpg 768w, https:\/\/dev.wheeler-property.com\/wp-content\/uploads\/2020\/09\/team-member-paul-sims-1536x1024.jpg 1536w\" sizes=\"(max-width: 2560px) 100vw, 2560px\" \/>\t\t\t\t\t\t\t\t<\/a>\n\t\t\t\t\t\t\t\t\t\t\t<figcaption class=\"widget-image-caption wp-caption-text\"><strong>Paul Sims<\/strong><br \/>Paul est notre maestro cr\u00e9atif qui photographie toutes nos maisons. Il peut toujours faire ressortir les points forts d'une maison et aime passer du temps \u00e0 faire des images justes.  Du th\u00e9 avec du lait et un sucre !<\/figcaption>\n\t\t\t\t\t\t\t\t\t\t<\/figure>\n\t\t\t\t\t\t\t\t\t<\/div>\n\t\t\t\t<\/div>\n\t\t\t\t<\/div>\n\t\t<div class=\"elementor-element elementor-element-a72dd1e e-con-full e-flex e-con e-child\" data-id=\"a72dd1e\" data-element_type=\"container\" data-e-type=\"container\">\n\t\t\t\t<div class=\"elementor-element elementor-element-5ad9621 elementor-widget elementor-widget-image\" data-id=\"5ad9621\" data-element_type=\"widget\" data-e-type=\"widget\" data-widget_type=\"image.default\">\n\t\t\t\t<div class=\"elementor-widget-container\">\n\t\t\t\t\t\t\t\t\t\t\t\t<figure class=\"wp-caption\">\n\t\t\t\t\t\t\t\t\t\t\t<a href=\"https:\/\/dev.wheeler-property.com\/wp-content\/uploads\/2023\/03\/haggis-3x2-1.jpeg\" data-elementor-open-lightbox=\"yes\" data-e-action-hash=\"#elementor-action%3Aaction%3Dlightbox%26settings%3DeyJpZCI6MTI5NDgsInVybCI6Imh0dHBzOlwvXC9kZXYud2hlZWxlci1wcm9wZXJ0eS5jb21cL3dwLWNvbnRlbnRcL3VwbG9hZHNcLzIwMjNcLzAzXC9oYWdnaXMtM3gyLTEuanBlZyJ9\">\n\t\t\t\t\t\t\t<img loading=\"lazy\" decoding=\"async\" width=\"1512\" height=\"1008\" src=\"https:\/\/dev.wheeler-property.com\/wp-content\/uploads\/2023\/03\/haggis-3x2-1.jpeg\" class=\"attachment-full size-full wp-image-12948\" alt=\"\" srcset=\"https:\/\/dev.wheeler-property.com\/wp-content\/uploads\/2023\/03\/haggis-3x2-1.jpeg 1512w, https:\/\/dev.wheeler-property.com\/wp-content\/uploads\/2023\/03\/haggis-3x2-1-768x512.jpeg 768w\" sizes=\"(max-width: 1512px) 100vw, 1512px\" \/>\t\t\t\t\t\t\t\t<\/a>\n\t\t\t\t\t\t\t\t\t\t\t<figcaption class=\"widget-image-caption wp-caption-text\"><strong>Haggis<\/strong><br \/>Les talents de Haggis sont d'aboyer, de se faire remarquer et de faire des c\u00e2lins.  Si vous le rencontrez pendant votre s\u00e9jour, il s'excuse \u00e0 l'avance pour les aboiements, mais pas pour les autres choses !<\/figcaption>\n\t\t\t\t\t\t\t\t\t\t<\/figure>\n\t\t\t\t\t\t\t\t\t<\/div>\n\t\t\t\t<\/div>\n\t\t\t\t<\/div>\n\t\t\t\t<\/div>\n\t\t\t\t<\/div>\n\t\t\t\t\t<\/div>\n\t\t\t\t<\/div>\n\t\t<div class=\"elementor-element elementor-element-bb07e44 e-flex e-con-boxed e-con e-parent\" data-id=\"bb07e44\" data-element_type=\"container\" data-e-type=\"container\">\n\t\t\t\t\t<div class=\"e-con-inner\">\n\t\t\t\t<div class=\"elementor-element elementor-element-25ce986 elementor-widget elementor-widget-menu-anchor\" data-id=\"25ce986\" data-element_type=\"widget\" data-e-type=\"widget\" data-widget_type=\"menu-anchor.default\">\n\t\t\t\t<div class=\"elementor-widget-container\">\n\t\t\t\t\t\t\t<div class=\"elementor-menu-anchor\" id=\"joinus\"><\/div>\n\t\t\t\t\t\t<\/div>\n\t\t\t\t<\/div>\n\t\t\t\t\t<\/div>\n\t\t\t\t<\/div>\n\t\t<div class=\"elementor-element elementor-element-e6bbdb8 e-flex e-con-boxed e-con e-parent\" data-id=\"e6bbdb8\" data-element_type=\"container\" data-e-type=\"container\" data-settings=\"{&quot;background_background&quot;:&quot;classic&quot;}\">\n\t\t\t\t\t<div class=\"e-con-inner\">\n\t\t<div class=\"elementor-element elementor-element-59dab8f e-con-full e-flex e-con e-child\" data-id=\"59dab8f\" data-element_type=\"container\" data-e-type=\"container\">\n\t\t\t\t<div class=\"elementor-element elementor-element-7e3def8 elementor-widget elementor-widget-heading\" data-id=\"7e3def8\" data-element_type=\"widget\" data-e-type=\"widget\" data-widget_type=\"heading.default\">\n\t\t\t\t<div class=\"elementor-widget-container\">\n\t\t\t\t\t<h2 class=\"elementor-heading-title elementor-size-default\">Rejoignez-nous<\/h2>\t\t\t\t<\/div>\n\t\t\t\t<\/div>\n\t\t\t\t<div class=\"elementor-element elementor-element-8857655 wmc-wrap-balance elementor-widget elementor-widget-heading\" data-id=\"8857655\" data-element_type=\"widget\" data-e-type=\"widget\" data-widget_type=\"heading.default\">\n\t\t\t\t<div class=\"elementor-widget-container\">\n\t\t\t\t\t<div class=\"elementor-heading-title elementor-size-default\">Recherche d'agents sp\u00e9cialis\u00e9s <\/div>\t\t\t\t<\/div>\n\t\t\t\t<\/div>\n\t\t\t\t<div class=\"elementor-element elementor-element-5ba31d5 elementor-widget-divider--view-line elementor-widget elementor-widget-divider\" data-id=\"5ba31d5\" data-element_type=\"widget\" data-e-type=\"widget\" data-widget_type=\"divider.default\">\n\t\t\t\t<div class=\"elementor-widget-container\">\n\t\t\t\t\t\t\t<div class=\"elementor-divider\">\n\t\t\t<span class=\"elementor-divider-separator\">\n\t\t\t\t\t\t<\/span>\n\t\t<\/div>\n\t\t\t\t\t\t<\/div>\n\t\t\t\t<\/div>\n\t\t\t\t<div class=\"elementor-element elementor-element-23a9e18 elementor-widget__width-initial elementor-widget elementor-widget-text-editor\" data-id=\"23a9e18\" data-element_type=\"widget\" data-e-type=\"widget\" data-widget_type=\"text-editor.default\">\n\t\t\t\t<div class=\"elementor-widget-container\">\n\t\t\t\t\t\t\t\t\t<p><b>Nous sommes une petite \u00e9quipe, mais nous nous d\u00e9veloppons.<\/b>. Avec quatre bureaux - \u00e0 Monflanquin, Auvillar, Lauzerte et Beauville - nous disposons d'un large portefeuille qui n\u00e9cessite d'excellentes comp\u00e9tences en mati\u00e8re de service \u00e0 la client\u00e8le. Vous recherchez un poste vari\u00e9 et agr\u00e9able, avec la possibilit\u00e9 de g\u00e9rer vos propres revenus et de faire partie d'une entreprise locale en pleine croissance ? Alors n'h\u00e9sitez pas \u00e0 nous contacter : Wheeler Property !<\/p><p><b>Nous recherchons des agents d\u00e9vou\u00e9s pour s'occuper de la recherche, de la prise en charge et de la vente de propri\u00e9t\u00e9s dans la r\u00e9gion autour de nos bureaux, en tant que freelance \/ agent commercial. <\/b>Vous devez \u00eatre calme sous la pression, organis\u00e9(e), avoir une forte \u00e9thique du service \u00e0 la client\u00e8le et \u00eatre motiv\u00e9(e) par la vari\u00e9t\u00e9 des t\u00e2ches - il n'y a pas deux jours pareils !<\/p><p><b>Exp\u00e9rience souhait\u00e9e, mais pas n\u00e9cessaire<\/b>, car une formation compl\u00e8te d'accompagnement en cours d'emploi vous sera dispens\u00e9e. Si vous \u00eates capable de travailler en fran\u00e7ais et en anglais, c'est un atout suppl\u00e9mentaire ! Vous b\u00e9n\u00e9ficierez de taux de commission g\u00e9n\u00e9reux et d'un soutien total de la part de notre \u00e9quipe et de notre culture de travail.<\/p><p>Wheelers est une jeune agence dynamique, ouverte \u00e0 Beauville en 2020. Nous sommes une petite \u00e9quipe qui s'efforce de travailler ensemble pour fournir un excellent niveau de service \u00e0 nos clients vendeurs et acheteurs.<\/p><p>Int\u00e9ress\u00e9(e) ? <b>Envoyez votre CV<\/b> en toute confiance \u00e0 Carol Ann Wheeler, <a href=\"mailto:carolann@wheeler-property.com\">carolann@wheeler-property.com<\/a> ou <b>appeler pour un entretien<\/b> par t\u00e9l\u00e9phone : +33 (0)6 70 47 23 53<\/p>\t\t\t\t\t\t\t\t<\/div>\n\t\t\t\t<\/div>\n\t\t\t\t<\/div>\n\t\t\t\t\t<\/div>\n\t\t\t\t<\/div>\n\t\t\t\t<\/div>","protected":false},"excerpt":{"rendered":"<p>About Wheeler Our Story Robert and carol ann have brought their passion for making homes to their business We moved from the UK to the Lot-et-Garonne in 2013 with our two young daughters and since then have built a connection to the local community which gives us a unique viewpoint to advise you of the [&hellip;]<\/p>\n","protected":false},"author":9,"featured_media":0,"parent":0,"menu_order":0,"comment_status":"closed","ping_status":"closed","template":"elementor_header_footer","meta":{"_lmt_disableupdate":"no","_lmt_disable":"no","footnotes":""},"class_list":["post-188","page","type-page","status-publish","hentry"],"_links":{"self":[{"href":"https:\/\/dev.wheeler-property.com\/fr\/wp-json\/wp\/v2\/pages\/188","targetHints":{"allow":["GET"]}}],"collection":[{"href":"https:\/\/dev.wheeler-property.com\/fr\/wp-json\/wp\/v2\/pages"}],"about":[{"href":"https:\/\/dev.wheeler-property.com\/fr\/wp-json\/wp\/v2\/types\/page"}],"author":[{"embeddable":true,"href":"https:\/\/dev.wheeler-property.com\/fr\/wp-json\/wp\/v2\/users\/9"}],"replies":[{"embeddable":true,"href":"https:\/\/dev.wheeler-property.com\/fr\/wp-json\/wp\/v2\/comments?post=188"}],"version-history":[{"count":81,"href":"https:\/\/dev.wheeler-property.com\/fr\/wp-json\/wp\/v2\/pages\/188\/revisions"}],"predecessor-version":[{"id":34993,"href":"https:\/\/dev.wheeler-property.com\/fr\/wp-json\/wp\/v2\/pages\/188\/revisions\/34993"}],"wp:attachment":[{"href":"https:\/\/dev.wheeler-property.com\/fr\/wp-json\/wp\/v2\/media?parent=188"}],"curies":[{"name":"wp","href":"https:\/\/api.w.org\/{rel}","templated":true}]}}